{"id":473,"date":"2019-11-20T10:49:13","date_gmt":"2019-11-20T15:49:13","guid":{"rendered":"https:\/\/valvparts.com\/wpmocha\/?page_id=473"},"modified":"2019-11-21T19:13:38","modified_gmt":"2019-11-22T00:13:38","slug":"lkw","status":"publish","type":"page","link":"https:\/\/valvparts.com\/wpmocha\/lkw\/","title":{"rendered":"LKW"},"content":{"rendered":"<div id=\"pl-473\"  class=\"panel-layout\" ><div id=\"pg-473-0\"  class=\"panel-grid panel-no-style\" ><div id=\"pgc-473-0-0\"  class=\"panel-grid-cell\" ><div id=\"panel-473-0-0-0\" class=\"so-panel widget widget_text panel-first-child panel-last-child\" data-index=\"0\" >\t\t\t<div class=\"textwidget\">\n<\/div>\n\t\t<\/div><\/div><\/div><div id=\"pg-473-1\"  class=\"panel-grid panel-has-style\" ><div class=\"siteorigin-panels-stretch panel-row-style panel-row-style-for-473-1\" data-stretch-type=\"full-stretched\" ><div id=\"pgc-473-1-0\"  class=\"panel-grid-cell\" ><div id=\"panel-473-1-0-0\" class=\"so-panel widget widget_themegrill_flash_cta tg-widget call-to-action-section panel-first-child panel-last-child\" data-index=\"1\" ><div class=\"cta-wrapper call-to-action-section-layout-1\">\n\t<div class=\"section-title-wrapper\">\n\t\t\t\t<h3 class=\"section-title\">REPUESTOS ORIGINALES LKW TAILE AG<\/h3>\n\t\t\t<\/div>\n\t<\/div>\n<\/div><\/div><\/div><\/div><div id=\"pg-473-2\"  class=\"panel-grid panel-no-style\" ><div id=\"pgc-473-2-0\"  class=\"panel-grid-cell\" ><div id=\"panel-473-2-0-0\" class=\"so-panel widget widget_themegrill_flash_blog tg-widget blog-section panel-first-child panel-last-child\" data-index=\"2\" >\n<div class=\"blog-wrapper tg-column-wrapper tg-blog-widget-layout-2\">\n\t\t<div class=\"tg-blog-widget tg-column-3\">\n\t\t\t\t<div class=\"post-image \">\n\t\t\t<figure><a href=\"https:\/\/valvparts.com\/wpmocha\/blog\/variedad-de-repuestos-lkw\/\" title=\"Variedad de Repuestos LKW\"><img loading=\"lazy\" decoding=\"async\" width=\"370\" height=\"270\" src=\"https:\/\/valvparts.com\/wpmocha\/wp-content\/uploads\/2019\/11\/volvopage05-370x270.png\" class=\"attachment-flash-grid size-flash-grid wp-post-image\" alt=\"\" \/><\/a><\/figure>\t\t\t<span class=\"entry-date\">\n\t\t\t\t<i class=\"fa fa-clock-o\"><\/i><a href=\"https:\/\/valvparts.com\/wpmocha\/blog\/variedad-de-repuestos-lkw\/\" rel=\"bookmark\">21\/11\/2019<\/a>\n\t\t\t<\/span>\n\t\t\t\t\t<\/div>\n\t\t<div class=\"blog-content\">\n\t\t\t<h3 class=\"entry-title\"><a href=\"https:\/\/valvparts.com\/wpmocha\/blog\/variedad-de-repuestos-lkw\/\">Variedad de Repuestos LKW<\/a><\/h3>\n\t\t\t\t\t\t<div class=\"entry-summary\">\n\t\t\t\t<p>En LKW Teile AG, contamos con una amplia variedad de Repuestos y Accesorios para sus herramientas de trabajo, sean estas [&hellip;]<\/p>\n\t\t\t<\/div>\n\t\t\t\t\t\t<div class=\"read-more-container\">\n\t\t\t\t<span class=\"entry-author\">\n\t\t\t\t\t<i class=\"fa fa-user\"><\/i><a class=\"url fn n\" href=\"https:\/\/valvparts.com\/wpmocha\/blog\/author\/administrador\/\">administrador<\/a>\n\t\t\t\t<\/span>\n\t\t\t\t<div class=\"read-more\">\n\t\t\t\t\t<a href=\"https:\/\/valvparts.com\/wpmocha\/blog\/variedad-de-repuestos-lkw\/\">Read More<\/a>\n\t\t\t\t<\/div>\n\t\t\t<\/div>\n\t\t\t\t\t<\/div>\n\t<\/div>\n\t\t<div class=\"tg-blog-widget tg-column-3\">\n\t\t\t\t<div class=\"post-image \">\n\t\t\t<figure><a href=\"https:\/\/valvparts.com\/wpmocha\/blog\/disponibilidad-inmediata\/\" title=\"Disponibilidad Inmediata\"><img loading=\"lazy\" decoding=\"async\" width=\"370\" height=\"270\" src=\"https:\/\/valvparts.com\/wpmocha\/wp-content\/uploads\/2019\/11\/lkw-almacen-370x270.jpg\" class=\"attachment-flash-grid size-flash-grid wp-post-image\" alt=\"\" \/><\/a><\/figure>\t\t\t<span class=\"entry-date\">\n\t\t\t\t<i class=\"fa fa-clock-o\"><\/i><a href=\"https:\/\/valvparts.com\/wpmocha\/blog\/disponibilidad-inmediata\/\" rel=\"bookmark\">21\/11\/2019<\/a>\n\t\t\t<\/span>\n\t\t\t\t\t<\/div>\n\t\t<div class=\"blog-content\">\n\t\t\t<h3 class=\"entry-title\"><a href=\"https:\/\/valvparts.com\/wpmocha\/blog\/disponibilidad-inmediata\/\">Disponibilidad Inmediata<\/a><\/h3>\n\t\t\t\t\t\t<div class=\"entry-summary\">\n\t\t\t\t<p>Minimice los tiempos de espera: Contamos con un amplio stock de repuestos en nuestros Almacenes y un servicio de importaci\u00f3n [&hellip;]<\/p>\n\t\t\t<\/div>\n\t\t\t\t\t\t<div class=\"read-more-container\">\n\t\t\t\t<span class=\"entry-author\">\n\t\t\t\t\t<i class=\"fa fa-user\"><\/i><a class=\"url fn n\" href=\"https:\/\/valvparts.com\/wpmocha\/blog\/author\/administrador\/\">administrador<\/a>\n\t\t\t\t<\/span>\n\t\t\t\t<div class=\"read-more\">\n\t\t\t\t\t<a href=\"https:\/\/valvparts.com\/wpmocha\/blog\/disponibilidad-inmediata\/\">Read More<\/a>\n\t\t\t\t<\/div>\n\t\t\t<\/div>\n\t\t\t\t\t<\/div>\n\t<\/div>\n\t\t<div class=\"tg-blog-widget tg-column-3\">\n\t\t\t\t<div class=\"post-image \">\n\t\t\t<figure><a href=\"https:\/\/valvparts.com\/wpmocha\/blog\/mayor-duracion\/\" title=\"Mayor Duraci\u00f3n\"><img loading=\"lazy\" decoding=\"async\" width=\"370\" height=\"270\" src=\"https:\/\/valvparts.com\/wpmocha\/wp-content\/uploads\/2019\/11\/lkw-quality01-370x270.jpg\" class=\"attachment-flash-grid size-flash-grid wp-post-image\" alt=\"\" \/><\/a><\/figure>\t\t\t<span class=\"entry-date\">\n\t\t\t\t<i class=\"fa fa-clock-o\"><\/i><a href=\"https:\/\/valvparts.com\/wpmocha\/blog\/mayor-duracion\/\" rel=\"bookmark\">21\/11\/2019<\/a>\n\t\t\t<\/span>\n\t\t\t\t\t<\/div>\n\t\t<div class=\"blog-content\">\n\t\t\t<h3 class=\"entry-title\"><a href=\"https:\/\/valvparts.com\/wpmocha\/blog\/mayor-duracion\/\">Mayor Duraci\u00f3n<\/a><\/h3>\n\t\t\t\t\t\t<div class=\"entry-summary\">\n\t\t\t\t<p>Nuestros productos y componentes presentan la duraci\u00f3n y performance que requiere y demanda su herramienta de trabajo, a un Costo [&hellip;]<\/p>\n\t\t\t<\/div>\n\t\t\t\t\t\t<div class=\"read-more-container\">\n\t\t\t\t<span class=\"entry-author\">\n\t\t\t\t\t<i class=\"fa fa-user\"><\/i><a class=\"url fn n\" href=\"https:\/\/valvparts.com\/wpmocha\/blog\/author\/administrador\/\">administrador<\/a>\n\t\t\t\t<\/span>\n\t\t\t\t<div class=\"read-more\">\n\t\t\t\t\t<a href=\"https:\/\/valvparts.com\/wpmocha\/blog\/mayor-duracion\/\">Read More<\/a>\n\t\t\t\t<\/div>\n\t\t\t<\/div>\n\t\t\t\t\t<\/div>\n\t<\/div>\n\t\t<div class=\"tg-blog-widget tg-column-3\">\n\t\t\t\t<div class=\"post-image \">\n\t\t\t<figure><a href=\"https:\/\/valvparts.com\/wpmocha\/blog\/gran-rentabilidad\/\" title=\"Gran Rentabilidad\"><img loading=\"lazy\" decoding=\"async\" width=\"370\" height=\"270\" src=\"https:\/\/valvparts.com\/wpmocha\/wp-content\/uploads\/2019\/11\/vpsaclkw04-370x270.jpg\" class=\"attachment-flash-grid size-flash-grid wp-post-image\" alt=\"\" \/><\/a><\/figure>\t\t\t<span class=\"entry-date\">\n\t\t\t\t<i class=\"fa fa-clock-o\"><\/i><a href=\"https:\/\/valvparts.com\/wpmocha\/blog\/gran-rentabilidad\/\" rel=\"bookmark\">21\/11\/2019<\/a>\n\t\t\t<\/span>\n\t\t\t\t\t<\/div>\n\t\t<div class=\"blog-content\">\n\t\t\t<h3 class=\"entry-title\"><a href=\"https:\/\/valvparts.com\/wpmocha\/blog\/gran-rentabilidad\/\">Gran Rentabilidad<\/a><\/h3>\n\t\t\t\t\t\t<div class=\"entry-summary\">\n\t\t\t\t<p>Con los productos LKW Teile AG Usted controla la Rentabilidad, Fiabilidad y Longevidad de las unidades de su negocio, bajo [&hellip;]<\/p>\n\t\t\t<\/div>\n\t\t\t\t\t\t<div class=\"read-more-container\">\n\t\t\t\t<span class=\"entry-author\">\n\t\t\t\t\t<i class=\"fa fa-user\"><\/i><a class=\"url fn n\" href=\"https:\/\/valvparts.com\/wpmocha\/blog\/author\/administrador\/\">administrador<\/a>\n\t\t\t\t<\/span>\n\t\t\t\t<div class=\"read-more\">\n\t\t\t\t\t<a href=\"https:\/\/valvparts.com\/wpmocha\/blog\/gran-rentabilidad\/\">Read More<\/a>\n\t\t\t\t<\/div>\n\t\t\t<\/div>\n\t\t\t\t\t<\/div>\n\t<\/div>\n\t\t<div class=\"tg-blog-widget tg-column-3\">\n\t\t\t\t<div class=\"post-image \">\n\t\t\t<figure><a href=\"https:\/\/valvparts.com\/wpmocha\/blog\/alta-calidad\/\" title=\"Alta Calidad\"><img loading=\"lazy\" decoding=\"async\" width=\"370\" height=\"270\" src=\"https:\/\/valvparts.com\/wpmocha\/wp-content\/uploads\/2019\/11\/lkw-presicion-370x270.png\" class=\"attachment-flash-grid size-flash-grid wp-post-image\" alt=\"\" \/><\/a><\/figure>\t\t\t<span class=\"entry-date\">\n\t\t\t\t<i class=\"fa fa-clock-o\"><\/i><a href=\"https:\/\/valvparts.com\/wpmocha\/blog\/alta-calidad\/\" rel=\"bookmark\">21\/11\/2019<\/a>\n\t\t\t<\/span>\n\t\t\t\t\t<\/div>\n\t\t<div class=\"blog-content\">\n\t\t\t<h3 class=\"entry-title\"><a href=\"https:\/\/valvparts.com\/wpmocha\/blog\/alta-calidad\/\">Alta Calidad<\/a><\/h3>\n\t\t\t\t\t\t<div class=\"entry-summary\">\n\t\t\t\t<p>Un Repuesto Genuino LKW le asegura la m\u00e1s Alta Calidad, Garant\u00eda y Seguridad porque es fabricado siguiendo los mismos est\u00e1ndares [&hellip;]<\/p>\n\t\t\t<\/div>\n\t\t\t\t\t\t<div class=\"read-more-container\">\n\t\t\t\t<span class=\"entry-author\">\n\t\t\t\t\t<i class=\"fa fa-user\"><\/i><a class=\"url fn n\" href=\"https:\/\/valvparts.com\/wpmocha\/blog\/author\/administrador\/\">administrador<\/a>\n\t\t\t\t<\/span>\n\t\t\t\t<div class=\"read-more\">\n\t\t\t\t\t<a href=\"https:\/\/valvparts.com\/wpmocha\/blog\/alta-calidad\/\">Read More<\/a>\n\t\t\t\t<\/div>\n\t\t\t<\/div>\n\t\t\t\t\t<\/div>\n\t<\/div>\n\t\t<div class=\"tg-blog-widget tg-column-3\">\n\t\t\t\t<div class=\"post-image \">\n\t\t\t<figure><a href=\"https:\/\/valvparts.com\/wpmocha\/blog\/garantia-de-fabrica\/\" title=\"Garant\u00eda de F\u00e1brica\"><img loading=\"lazy\" decoding=\"async\" width=\"370\" height=\"270\" src=\"https:\/\/valvparts.com\/wpmocha\/wp-content\/uploads\/2019\/11\/lkw-guarantee-370x270.png\" class=\"attachment-flash-grid size-flash-grid wp-post-image\" alt=\"\" \/><\/a><\/figure>\t\t\t<span class=\"entry-date\">\n\t\t\t\t<i class=\"fa fa-clock-o\"><\/i><a href=\"https:\/\/valvparts.com\/wpmocha\/blog\/garantia-de-fabrica\/\" rel=\"bookmark\">21\/11\/2019<\/a>\n\t\t\t<\/span>\n\t\t\t\t\t<\/div>\n\t\t<div class=\"blog-content\">\n\t\t\t<h3 class=\"entry-title\"><a href=\"https:\/\/valvparts.com\/wpmocha\/blog\/garantia-de-fabrica\/\">Garant\u00eda de F\u00e1brica<\/a><\/h3>\n\t\t\t\t\t\t<div class=\"entry-summary\">\n\t\t\t\t<p>Nuestra Garant\u00eda cubre la Reposici\u00f3n de las Piezas de Recambio por Defectos de Fabricaci\u00f3n.<\/p>\n\t\t\t<\/div>\n\t\t\t\t\t\t<div class=\"read-more-container\">\n\t\t\t\t<span class=\"entry-author\">\n\t\t\t\t\t<i class=\"fa fa-user\"><\/i><a class=\"url fn n\" href=\"https:\/\/valvparts.com\/wpmocha\/blog\/author\/administrador\/\">administrador<\/a>\n\t\t\t\t<\/span>\n\t\t\t\t<div class=\"read-more\">\n\t\t\t\t\t<a href=\"https:\/\/valvparts.com\/wpmocha\/blog\/garantia-de-fabrica\/\">Read More<\/a>\n\t\t\t\t<\/div>\n\t\t\t<\/div>\n\t\t\t\t\t<\/div>\n\t<\/div>\n\t<\/div><!-- .blog-wrapper -->\n<\/div><\/div><\/div><div id=\"pg-473-3\"  class=\"panel-grid panel-has-style\" ><div class=\"panel-row-style panel-row-style-for-473-3\" ><div id=\"pgc-473-3-0\"  class=\"panel-grid-cell\" ><div id=\"panel-473-3-0-0\" class=\"widget_text so-panel widget widget_custom_html panel-first-child panel-last-child\" data-index=\"3\" ><div class=\"widget_text panel-widget-style panel-widget-style-for-473-3-0-0\" ><h3 class=\"widget-title\">Condiciones de la Garant\u00eda para Repuestos LKW Teile AG<\/h3><div class=\"textwidget custom-html-widget\"><p align=\"justify\" color=\"#777777\">\n\tLa principal condici\u00f3n para la Garant\u00eda es que nuestras piezas de recambio sean instaladas s\u00f3lo por personal capacitado, en talleres especializados de la marca y esta instalaci\u00f3n sea realizada utilizando la herramienta especial para ello, seg\u00fan las instrucciones de instalaci\u00f3n y mantenimiento del fabricante del veh\u00edculo respectivo. Si la instalaci\u00f3n no es del nivel antes descrito, nuestra Garant\u00eda no se aplica.\n<\/p>\n<p align=\"justify\">\n\tAsimismo rigen nuestra Garant\u00eda las clausulas de Ventas estipuladas al reverso del Documento de Venta, en cumplimiento de las Normas Legales y de Protecci\u00f3n al Cliente vigentes en el Per\u00fa.\n<\/p><\/div><\/div><\/div><\/div><\/div><\/div><\/div>","protected":false},"excerpt":{"rendered":"<p>REPUESTOS ORIGINALES LKW TAILE AG 21\/11\/2019 Variedad de Repuestos LKW En LKW Teile AG, contamos con una amplia variedad de [&hellip;]<\/p>\n","protected":false},"author":1,"featured_media":0,"parent":0,"menu_order":0,"comment_status":"closed","ping_status":"closed","template":"","meta":{"footnotes":""},"class_list":["post-473","page","type-page","status-publish","hentry"],"_links":{"self":[{"href":"https:\/\/valvparts.com\/wpmocha\/wp-json\/wp\/v2\/pages\/473"}],"collection":[{"href":"https:\/\/valvparts.com\/wpmocha\/wp-json\/wp\/v2\/pages"}],"about":[{"href":"https:\/\/valvparts.com\/wpmocha\/wp-json\/wp\/v2\/types\/page"}],"author":[{"embeddable":true,"href":"https:\/\/valvparts.com\/wpmocha\/wp-json\/wp\/v2\/users\/1"}],"replies":[{"embeddable":true,"href":"https:\/\/valvparts.com\/wpmocha\/wp-json\/wp\/v2\/comments?post=473"}],"version-history":[{"count":26,"href":"https:\/\/valvparts.com\/wpmocha\/wp-json\/wp\/v2\/pages\/473\/revisions"}],"predecessor-version":[{"id":694,"href":"https:\/\/valvparts.com\/wpmocha\/wp-json\/wp\/v2\/pages\/473\/revisions\/694"}],"wp:attachment":[{"href":"https:\/\/valvparts.com\/wpmocha\/wp-json\/wp\/v2\/media?parent=473"}],"curies":[{"name":"wp","href":"https:\/\/api.w.org\/{rel}","templated":true}]}}