{"id":454,"date":"2019-11-20T07:47:20","date_gmt":"2019-11-20T12:47:20","guid":{"rendered":"https:\/\/valvparts.com\/wpmocha\/?page_id=454"},"modified":"2019-11-21T10:27:02","modified_gmt":"2019-11-21T15:27:02","slug":"volvo","status":"publish","type":"page","link":"https:\/\/valvparts.com\/wpmocha\/volvo\/","title":{"rendered":"VOLVO"},"content":{"rendered":"<div id=\"pl-454\"  class=\"panel-layout\" ><div id=\"pg-454-0\"  class=\"panel-grid panel-no-style\" ><div id=\"pgc-454-0-0\"  class=\"panel-grid-cell\" ><div id=\"panel-454-0-0-0\" class=\"so-panel widget widget_text panel-first-child panel-last-child\" data-index=\"0\" >\t\t\t<div class=\"textwidget\">\n<\/div>\n\t\t<\/div><\/div><\/div><div id=\"pg-454-1\"  class=\"panel-grid panel-has-style\" ><div class=\"siteorigin-panels-stretch panel-row-style panel-row-style-for-454-1\" data-stretch-type=\"full-stretched\" ><div id=\"pgc-454-1-0\"  class=\"panel-grid-cell\" ><div id=\"panel-454-1-0-0\" class=\"so-panel widget widget_themegrill_flash_cta tg-widget call-to-action-section panel-first-child panel-last-child\" data-index=\"1\" ><div class=\"cta-wrapper call-to-action-section-layout-1\">\n\t<div class=\"section-title-wrapper\">\n\t\t\t\t<h3 class=\"section-title\">Repuestos Originales VOLVO<\/h3>\n\t\t\t<\/div>\n\t<\/div>\n<\/div><\/div><\/div><\/div><div id=\"pg-454-2\"  class=\"panel-grid panel-no-style\" ><div id=\"pgc-454-2-0\"  class=\"panel-grid-cell\" ><div id=\"panel-454-2-0-0\" class=\"so-panel widget widget_themegrill_flash_blog tg-widget blog-section panel-first-child panel-last-child\" data-index=\"2\" >\n<div class=\"blog-wrapper tg-column-wrapper tg-blog-widget-layout-1\">\n\t\t\t<div class=\"row\">\n\t\t<div class=\"tg-blog-widget tg-column-2\">\n\t\t\t\t<div class=\"post-image \">\n\t\t\t<figure><a href=\"https:\/\/valvparts.com\/wpmocha\/blog\/repuestos-originales-volvo\/\" title=\"Repuestos Originales VOLVO\"><img loading=\"lazy\" decoding=\"async\" width=\"300\" height=\"300\" src=\"https:\/\/valvparts.com\/wpmocha\/wp-content\/uploads\/2019\/11\/volvopage09-300x300.png\" class=\"attachment-flash-square size-flash-square wp-post-image\" alt=\"\" srcset=\"https:\/\/valvparts.com\/wpmocha\/wp-content\/uploads\/2019\/11\/volvopage09-300x300.png 300w, https:\/\/valvparts.com\/wpmocha\/wp-content\/uploads\/2019\/11\/volvopage09-150x150.png 150w, https:\/\/valvparts.com\/wpmocha\/wp-content\/uploads\/2019\/11\/volvopage09.png 480w\" sizes=\"(max-width: 300px) 100vw, 300px\" \/><\/a><\/figure>\t\t<\/div>\n\t\t<div class=\"blog-content\">\n\t\t\t<h3 class=\"entry-title\"><a href=\"https:\/\/valvparts.com\/wpmocha\/blog\/repuestos-originales-volvo\/\">Repuestos Originales VOLVO<\/a><\/h3>\n\t\t\t\t\t\t<div class=\"entry-meta\">\n\t\t\t\t<span class=\"entry-date\">\n\t\t\t\t\t<i class=\"fa fa-clock-o\"><\/i><a href=\"https:\/\/valvparts.com\/wpmocha\/blog\/repuestos-originales-volvo\/\" rel=\"bookmark\">21\/11\/2019<\/a>\n\t\t\t\t<\/span>\n\t\t\t\t<span class=\"entry-author\">\n\t\t\t\t\t<i class=\"fa fa-user\"><\/i><a class=\"url fn n\" href=\"https:\/\/valvparts.com\/wpmocha\/blog\/author\/administrador\/\">administrador<\/a>\n\t\t\t\t<\/span>\n\t\t\t<\/div>\n\t\t\t\t\t\t<div class=\"entry-summary\">\n\t\t\t\t<p>Los repuestos originales VOLVO brindan seguridad, confiabilidad y garant\u00eda de f\u00e1brica: son rigurosamente probadas y cumplen con est\u00e1ndares de calidad.<\/p>\n\t\t\t<\/div>\n\t\t\t\t\t<\/div>\n\t<\/div>\n\t\t<div class=\"tg-blog-widget tg-column-2\">\n\t\t\t\t<div class=\"post-image \">\n\t\t\t<figure><a href=\"https:\/\/valvparts.com\/wpmocha\/blog\/calidad-volvo\/\" title=\"Calidad VOLVO\"><img loading=\"lazy\" decoding=\"async\" width=\"300\" height=\"300\" src=\"https:\/\/valvparts.com\/wpmocha\/wp-content\/uploads\/2016\/10\/volvopage01-300x300.png\" class=\"attachment-flash-square size-flash-square wp-post-image\" alt=\"\" srcset=\"https:\/\/valvparts.com\/wpmocha\/wp-content\/uploads\/2016\/10\/volvopage01-300x300.png 300w, https:\/\/valvparts.com\/wpmocha\/wp-content\/uploads\/2016\/10\/volvopage01-150x150.png 150w, https:\/\/valvparts.com\/wpmocha\/wp-content\/uploads\/2016\/10\/volvopage01.png 486w\" sizes=\"(max-width: 300px) 100vw, 300px\" \/><\/a><\/figure>\t\t<\/div>\n\t\t<div class=\"blog-content\">\n\t\t\t<h3 class=\"entry-title\"><a href=\"https:\/\/valvparts.com\/wpmocha\/blog\/calidad-volvo\/\">Calidad VOLVO<\/a><\/h3>\n\t\t\t\t\t\t<div class=\"entry-meta\">\n\t\t\t\t<span class=\"entry-date\">\n\t\t\t\t\t<i class=\"fa fa-clock-o\"><\/i><a href=\"https:\/\/valvparts.com\/wpmocha\/blog\/calidad-volvo\/\" rel=\"bookmark\">21\/11\/2019<\/a>\n\t\t\t\t<\/span>\n\t\t\t\t<span class=\"entry-author\">\n\t\t\t\t\t<i class=\"fa fa-user\"><\/i><a class=\"url fn n\" href=\"https:\/\/valvparts.com\/wpmocha\/blog\/author\/administrador\/\">administrador<\/a>\n\t\t\t\t<\/span>\n\t\t\t<\/div>\n\t\t\t\t\t\t<div class=\"entry-summary\">\n\t\t\t\t<p>Los repuestos originales VOLVO tienen calidad garantizada y cumplen con las especificaciones y requisitos estrictos de VOLVO.<\/p>\n\t\t\t<\/div>\n\t\t\t\t\t<\/div>\n\t<\/div>\n\t\t<\/div>\n\t\t\t<div class=\"row\">\n\t\t<div class=\"tg-blog-widget tg-column-2\">\n\t\t\t\t<div class=\"post-image \">\n\t\t\t<figure><a href=\"https:\/\/valvparts.com\/wpmocha\/blog\/maximice-la-operatividad-de-su-unidad\/\" title=\"Maximice la Operatividad de su Unidad\"><img loading=\"lazy\" decoding=\"async\" width=\"300\" height=\"300\" src=\"https:\/\/valvparts.com\/wpmocha\/wp-content\/uploads\/2019\/11\/volvopage08-300x300.png\" class=\"attachment-flash-square size-flash-square wp-post-image\" alt=\"\" srcset=\"https:\/\/valvparts.com\/wpmocha\/wp-content\/uploads\/2019\/11\/volvopage08-300x300.png 300w, https:\/\/valvparts.com\/wpmocha\/wp-content\/uploads\/2019\/11\/volvopage08-150x150.png 150w, https:\/\/valvparts.com\/wpmocha\/wp-content\/uploads\/2019\/11\/volvopage08.png 480w\" sizes=\"(max-width: 300px) 100vw, 300px\" \/><\/a><\/figure>\t\t<\/div>\n\t\t<div class=\"blog-content\">\n\t\t\t<h3 class=\"entry-title\"><a href=\"https:\/\/valvparts.com\/wpmocha\/blog\/maximice-la-operatividad-de-su-unidad\/\">Maximice la Operatividad de su Unidad<\/a><\/h3>\n\t\t\t\t\t\t<div class=\"entry-meta\">\n\t\t\t\t<span class=\"entry-date\">\n\t\t\t\t\t<i class=\"fa fa-clock-o\"><\/i><a href=\"https:\/\/valvparts.com\/wpmocha\/blog\/maximice-la-operatividad-de-su-unidad\/\" rel=\"bookmark\">20\/11\/2019<\/a>\n\t\t\t\t<\/span>\n\t\t\t\t<span class=\"entry-author\">\n\t\t\t\t\t<i class=\"fa fa-user\"><\/i><a class=\"url fn n\" href=\"https:\/\/valvparts.com\/wpmocha\/blog\/author\/administrador\/\">administrador<\/a>\n\t\t\t\t<\/span>\n\t\t\t<\/div>\n\t\t\t\t\t\t<div class=\"entry-summary\">\n\t\t\t\t<p>Los repuestos originales VOLVO ayudan a mantener su unidad operativa, incrementando sus ingresos y manteniendo bajos los costos de combustible.<\/p>\n\t\t\t<\/div>\n\t\t\t\t\t<\/div>\n\t<\/div>\n\t\t<div class=\"tg-blog-widget tg-column-2\">\n\t\t\t\t<div class=\"post-image \">\n\t\t\t<figure><a href=\"https:\/\/valvparts.com\/wpmocha\/blog\/garantia-de-repuestos-originales-volvo\/\" title=\"Garant\u00eda de Repuestos Originales VOLVO\"><img loading=\"lazy\" decoding=\"async\" width=\"300\" height=\"300\" src=\"https:\/\/valvparts.com\/wpmocha\/wp-content\/uploads\/2019\/11\/volvopage07-300x300.png\" class=\"attachment-flash-square size-flash-square wp-post-image\" alt=\"\" srcset=\"https:\/\/valvparts.com\/wpmocha\/wp-content\/uploads\/2019\/11\/volvopage07-300x300.png 300w, https:\/\/valvparts.com\/wpmocha\/wp-content\/uploads\/2019\/11\/volvopage07-150x150.png 150w, https:\/\/valvparts.com\/wpmocha\/wp-content\/uploads\/2019\/11\/volvopage07.png 480w\" sizes=\"(max-width: 300px) 100vw, 300px\" \/><\/a><\/figure>\t\t<\/div>\n\t\t<div class=\"blog-content\">\n\t\t\t<h3 class=\"entry-title\"><a href=\"https:\/\/valvparts.com\/wpmocha\/blog\/garantia-de-repuestos-originales-volvo\/\">Garant\u00eda de Repuestos Originales VOLVO<\/a><\/h3>\n\t\t\t\t\t\t<div class=\"entry-meta\">\n\t\t\t\t<span class=\"entry-date\">\n\t\t\t\t\t<i class=\"fa fa-clock-o\"><\/i><a href=\"https:\/\/valvparts.com\/wpmocha\/blog\/garantia-de-repuestos-originales-volvo\/\" rel=\"bookmark\">20\/11\/2019<\/a>\n\t\t\t\t<\/span>\n\t\t\t\t<span class=\"entry-author\">\n\t\t\t\t\t<i class=\"fa fa-user\"><\/i><a class=\"url fn n\" href=\"https:\/\/valvparts.com\/wpmocha\/blog\/author\/administrador\/\">administrador<\/a>\n\t\t\t\t<\/span>\n\t\t\t<\/div>\n\t\t\t\t\t\t<div class=\"entry-summary\">\n\t\t\t\t<p>Todos nuestros repuestos originales Volvo tienen 12 meses de garant\u00eda de f\u00e1brica.<\/p>\n\t\t\t<\/div>\n\t\t\t\t\t<\/div>\n\t<\/div>\n\t\t<\/div>\n\t<\/div><!-- .blog-wrapper -->\n<\/div><\/div><\/div><\/div>","protected":false},"excerpt":{"rendered":"<p>Repuestos Originales VOLVO Repuestos Originales VOLVO 21\/11\/2019 administrador Los repuestos originales VOLVO brindan seguridad, confiabilidad y garant\u00eda de f\u00e1brica: son [&hellip;]<\/p>\n","protected":false},"author":1,"featured_media":0,"parent":0,"menu_order":0,"comment_status":"closed","ping_status":"closed","template":"","meta":{"footnotes":""},"class_list":["post-454","page","type-page","status-publish","hentry"],"_links":{"self":[{"href":"https:\/\/valvparts.com\/wpmocha\/wp-json\/wp\/v2\/pages\/454"}],"collection":[{"href":"https:\/\/valvparts.com\/wpmocha\/wp-json\/wp\/v2\/pages"}],"about":[{"href":"https:\/\/valvparts.com\/wpmocha\/wp-json\/wp\/v2\/types\/page"}],"author":[{"embeddable":true,"href":"https:\/\/valvparts.com\/wpmocha\/wp-json\/wp\/v2\/users\/1"}],"replies":[{"embeddable":true,"href":"https:\/\/valvparts.com\/wpmocha\/wp-json\/wp\/v2\/comments?post=454"}],"version-history":[{"count":17,"href":"https:\/\/valvparts.com\/wpmocha\/wp-json\/wp\/v2\/pages\/454\/revisions"}],"predecessor-version":[{"id":541,"href":"https:\/\/valvparts.com\/wpmocha\/wp-json\/wp\/v2\/pages\/454\/revisions\/541"}],"wp:attachment":[{"href":"https:\/\/valvparts.com\/wpmocha\/wp-json\/wp\/v2\/media?parent=454"}],"curies":[{"name":"wp","href":"https:\/\/api.w.org\/{rel}","templated":true}]}}