{"id":389,"date":"2019-11-14T00:54:35","date_gmt":"2019-11-14T05:54:35","guid":{"rendered":"https:\/\/valvparts.com\/wpmocha\/?page_id=389"},"modified":"2019-11-20T02:57:46","modified_gmt":"2019-11-20T07:57:46","slug":"productos","status":"publish","type":"page","link":"https:\/\/valvparts.com\/wpmocha\/productos\/","title":{"rendered":"Productos"},"content":{"rendered":"<div id=\"pl-389\"  class=\"panel-layout\" ><div id=\"pg-389-0\"  class=\"panel-grid panel-no-style\" ><div id=\"pgc-389-0-0\"  class=\"panel-grid-cell\" ><div id=\"panel-389-0-0-0\" class=\"so-panel widget widget_themegrill_flash_heading tg-widget section-title-wrapper panel-first-child\" data-index=\"0\" >\t<h3 class=\"section-title\">Nuestros Productos<\/h3>\n\t<div class=\"section-description\">Lubricantes y Repuestos Originales VOLVO y LKW Taile AG<\/div>\n<\/div><div id=\"panel-389-0-0-1\" class=\"so-panel widget widget_themegrill_flash_portfolio tg-section feature-product-section panel-last-child\" data-index=\"1\" ><div class=\"tg-feature-product-layout-1 tg-feature-product-filter-layout\"><div class=\"tg-container\"><div class=\"grid\"><div class=\"tg-column-wrapper\"><div class=\"tg-feature-product-widget element-item uxdesign tg-column-3 productos \" data-category=\"productos \"><figure><img loading=\"lazy\" decoding=\"async\" width=\"480\" height=\"480\" src=\"https:\/\/valvparts.com\/wpmocha\/wp-content\/uploads\/2019\/11\/volvopage06.png\" class=\"attachment-full size-full wp-post-image\" alt=\"\" srcset=\"https:\/\/valvparts.com\/wpmocha\/wp-content\/uploads\/2019\/11\/volvopage06.png 480w, https:\/\/valvparts.com\/wpmocha\/wp-content\/uploads\/2019\/11\/volvopage06-300x300.png 300w, https:\/\/valvparts.com\/wpmocha\/wp-content\/uploads\/2019\/11\/volvopage06-150x150.png 150w\" sizes=\"(max-width: 480px) 100vw, 480px\" \/><\/figure><div class=\"featured-image-desc\"><span><a href=\"https:\/\/valvparts.com\/wpmocha\/portfolio\/repuestos-originales-volvo\/\"><i class=\"fa fa-plus\"><\/i><\/a><\/span><div class=\"feature-inner-block\"><h3 class=\"feature-title-wrap\"><a href=\"https:\/\/valvparts.com\/wpmocha\/portfolio\/repuestos-originales-volvo\/\">Repuestos Originales VOLVO<\/a><\/h3><h4 class=\"feature-desc-wrap\">Los Repuestos Originales VOLVO ofrecen m\u00e1xima calidad y desempe\u00f1o garantizado para su unidad.<\/h4><\/div><\/div><\/div><div class=\"tg-feature-product-widget element-item uxdesign tg-column-3 productos \" data-category=\"productos \"><figure><img loading=\"lazy\" decoding=\"async\" width=\"480\" height=\"480\" src=\"https:\/\/valvparts.com\/wpmocha\/wp-content\/uploads\/2019\/11\/volvopage05.png\" class=\"attachment-full size-full wp-post-image\" alt=\"\" srcset=\"https:\/\/valvparts.com\/wpmocha\/wp-content\/uploads\/2019\/11\/volvopage05.png 480w, https:\/\/valvparts.com\/wpmocha\/wp-content\/uploads\/2019\/11\/volvopage05-300x300.png 300w, https:\/\/valvparts.com\/wpmocha\/wp-content\/uploads\/2019\/11\/volvopage05-150x150.png 150w\" sizes=\"(max-width: 480px) 100vw, 480px\" \/><\/figure><div class=\"featured-image-desc\"><span><a href=\"https:\/\/valvparts.com\/wpmocha\/portfolio\/repuestos-originales-lkw-taile-ag\/\"><i class=\"fa fa-plus\"><\/i><\/a><\/span><div class=\"feature-inner-block\"><h3 class=\"feature-title-wrap\"><a href=\"https:\/\/valvparts.com\/wpmocha\/portfolio\/repuestos-originales-lkw-taile-ag\/\">Repuestos Originales LKW Taile AG<\/a><\/h3><h4 class=\"feature-desc-wrap\">Con la calidad y garant\u00eda que mantendr\u00e1 su unidad siempre en condiciones \u00f3ptimas de operaci\u00f3n.<\/h4><\/div><\/div><\/div><div class=\"tg-feature-product-widget element-item uxdesign tg-column-3 productos \" data-category=\"productos \"><figure><img loading=\"lazy\" decoding=\"async\" width=\"480\" height=\"480\" src=\"https:\/\/valvparts.com\/wpmocha\/wp-content\/uploads\/2016\/10\/volvopage03.png\" class=\"attachment-full size-full wp-post-image\" alt=\"\" srcset=\"https:\/\/valvparts.com\/wpmocha\/wp-content\/uploads\/2016\/10\/volvopage03.png 480w, https:\/\/valvparts.com\/wpmocha\/wp-content\/uploads\/2016\/10\/volvopage03-300x300.png 300w, https:\/\/valvparts.com\/wpmocha\/wp-content\/uploads\/2016\/10\/volvopage03-150x150.png 150w\" sizes=\"(max-width: 480px) 100vw, 480px\" \/><\/figure><div class=\"featured-image-desc\"><span><a href=\"https:\/\/valvparts.com\/wpmocha\/portfolio\/stock-permanente\/\"><i class=\"fa fa-plus\"><\/i><\/a><\/span><div class=\"feature-inner-block\"><h3 class=\"feature-title-wrap\"><a href=\"https:\/\/valvparts.com\/wpmocha\/portfolio\/stock-permanente\/\">Stock Permanente<\/a><\/h3><h4 class=\"feature-desc-wrap\">Contamos con un stock \u00f3ptimo de repuestos que aseguran la atenci\u00f3n oportuna de nuestros Clientes.<\/h4><\/div><\/div><\/div><div class=\"tg-feature-product-widget element-item uxdesign tg-column-3 productos \" data-category=\"productos \"><figure><img loading=\"lazy\" decoding=\"async\" width=\"486\" height=\"486\" src=\"https:\/\/valvparts.com\/wpmocha\/wp-content\/uploads\/2016\/10\/volvopage01.png\" class=\"attachment-full size-full wp-post-image\" alt=\"\" srcset=\"https:\/\/valvparts.com\/wpmocha\/wp-content\/uploads\/2016\/10\/volvopage01.png 486w, https:\/\/valvparts.com\/wpmocha\/wp-content\/uploads\/2016\/10\/volvopage01-300x300.png 300w, https:\/\/valvparts.com\/wpmocha\/wp-content\/uploads\/2016\/10\/volvopage01-150x150.png 150w\" sizes=\"(max-width: 486px) 100vw, 486px\" \/><\/figure><div class=\"featured-image-desc\"><span><a href=\"https:\/\/valvparts.com\/wpmocha\/portfolio\/variedad-de-productos\/\"><i class=\"fa fa-plus\"><\/i><\/a><\/span><div class=\"feature-inner-block\"><h3 class=\"feature-title-wrap\"><a href=\"https:\/\/valvparts.com\/wpmocha\/portfolio\/variedad-de-productos\/\">Variedad de Productos<\/a><\/h3><h4 class=\"feature-desc-wrap\">Cada componente es vital para el tiempo de funcionamiento y el rendimiento. Nuestros productos tienen la variedad que usted requiere.<\/h4><\/div><\/div><\/div><div class=\"tg-feature-product-widget element-item uxdesign tg-column-3 productos \" data-category=\"productos \"><figure><img loading=\"lazy\" decoding=\"async\" width=\"480\" height=\"480\" src=\"https:\/\/valvparts.com\/wpmocha\/wp-content\/uploads\/2016\/10\/volvopage02.png\" class=\"attachment-full size-full wp-post-image\" alt=\"\" srcset=\"https:\/\/valvparts.com\/wpmocha\/wp-content\/uploads\/2016\/10\/volvopage02.png 480w, https:\/\/valvparts.com\/wpmocha\/wp-content\/uploads\/2016\/10\/volvopage02-300x300.png 300w, https:\/\/valvparts.com\/wpmocha\/wp-content\/uploads\/2016\/10\/volvopage02-150x150.png 150w\" sizes=\"(max-width: 480px) 100vw, 480px\" \/><\/figure><div class=\"featured-image-desc\"><span><a href=\"https:\/\/valvparts.com\/wpmocha\/portfolio\/entrega-oportuna\/\"><i class=\"fa fa-plus\"><\/i><\/a><\/span><div class=\"feature-inner-block\"><h3 class=\"feature-title-wrap\"><a href=\"https:\/\/valvparts.com\/wpmocha\/portfolio\/entrega-oportuna\/\">Entrega Oportuna<\/a><\/h3><h4 class=\"feature-desc-wrap\">Aseguramos la disponibilidad de repuestos para el trabajo sostenido de sus unidades, lo que le dar\u00e1 la tranquilidad y satisfacci\u00f3n [&hellip;]<\/h4><\/div><\/div><\/div><div class=\"tg-feature-product-widget element-item uxdesign tg-column-3 productos \" data-category=\"productos \"><figure><img loading=\"lazy\" decoding=\"async\" width=\"480\" height=\"480\" src=\"https:\/\/valvparts.com\/wpmocha\/wp-content\/uploads\/2016\/10\/volvopage04.png\" class=\"attachment-full size-full wp-post-image\" alt=\"\" srcset=\"https:\/\/valvparts.com\/wpmocha\/wp-content\/uploads\/2016\/10\/volvopage04.png 480w, https:\/\/valvparts.com\/wpmocha\/wp-content\/uploads\/2016\/10\/volvopage04-300x300.png 300w, https:\/\/valvparts.com\/wpmocha\/wp-content\/uploads\/2016\/10\/volvopage04-150x150.png 150w\" sizes=\"(max-width: 480px) 100vw, 480px\" \/><\/figure><div class=\"featured-image-desc\"><span><a href=\"https:\/\/valvparts.com\/wpmocha\/portfolio\/calidad-y-garantia\/\"><i class=\"fa fa-plus\"><\/i><\/a><\/span><div class=\"feature-inner-block\"><h3 class=\"feature-title-wrap\"><a href=\"https:\/\/valvparts.com\/wpmocha\/portfolio\/calidad-y-garantia\/\">Calidad y Garant\u00eda<\/a><\/h3><h4 class=\"feature-desc-wrap\">Todos nuestros repuestos y lubricantes VOLVO y LKG Taile AG son de Calidad, es por ello que le ofrecemos una [&hellip;]<\/h4><\/div><\/div><\/div><\/div><!-- \/.tg-column-wrapper--><\/div><!-- \/.grid --><\/div><!-- \/.tg-container --><\/div><!-- \/.layout div --><\/div><\/div><\/div><\/div>","protected":false},"excerpt":{"rendered":"<p>Nuestros Productos Lubricantes y Repuestos Originales VOLVO y LKW Taile AG Repuestos Originales VOLVOLos Repuestos Originales VOLVO ofrecen m\u00e1xima calidad [&hellip;]<\/p>\n","protected":false},"author":1,"featured_media":0,"parent":0,"menu_order":0,"comment_status":"closed","ping_status":"closed","template":"","meta":{"footnotes":""},"class_list":["post-389","page","type-page","status-publish","hentry"],"_links":{"self":[{"href":"https:\/\/valvparts.com\/wpmocha\/wp-json\/wp\/v2\/pages\/389"}],"collection":[{"href":"https:\/\/valvparts.com\/wpmocha\/wp-json\/wp\/v2\/pages"}],"about":[{"href":"https:\/\/valvparts.com\/wpmocha\/wp-json\/wp\/v2\/types\/page"}],"author":[{"embeddable":true,"href":"https:\/\/valvparts.com\/wpmocha\/wp-json\/wp\/v2\/users\/1"}],"replies":[{"embeddable":true,"href":"https:\/\/valvparts.com\/wpmocha\/wp-json\/wp\/v2\/comments?post=389"}],"version-history":[{"count":27,"href":"https:\/\/valvparts.com\/wpmocha\/wp-json\/wp\/v2\/pages\/389\/revisions"}],"predecessor-version":[{"id":448,"href":"https:\/\/valvparts.com\/wpmocha\/wp-json\/wp\/v2\/pages\/389\/revisions\/448"}],"wp:attachment":[{"href":"https:\/\/valvparts.com\/wpmocha\/wp-json\/wp\/v2\/media?parent=389"}],"curies":[{"name":"wp","href":"https:\/\/api.w.org\/{rel}","templated":true}]}}