{"id":252,"date":"2016-10-05T05:36:12","date_gmt":"2016-10-05T05:36:12","guid":{"rendered":"http:\/\/localhost\/flash\/?page_id=4"},"modified":"2019-11-21T17:36:23","modified_gmt":"2019-11-21T22:36:23","slug":"home","status":"publish","type":"page","link":"https:\/\/valvparts.com\/wpmocha\/","title":{"rendered":"Inicio"},"content":{"rendered":"<div id=\"pl-252\"  class=\"panel-layout\" ><div id=\"pg-252-0\"  class=\"panel-grid panel-no-style\" ><div id=\"pgc-252-0-0\"  class=\"panel-grid-cell\" ><div id=\"panel-252-0-0-0\" class=\"so-panel widget widget_text panel-first-child panel-last-child\" data-index=\"0\" >\t\t\t<div class=\"textwidget\">\n<\/div>\n\t\t<\/div><\/div><\/div><div id=\"pg-252-1\"  class=\"panel-grid panel-has-style\" ><div class=\"siteorigin-panels-stretch panel-row-style panel-row-style-for-252-1\" data-stretch-type=\"full-stretched\" ><div id=\"pgc-252-1-0\"  class=\"panel-grid-cell\" ><div id=\"panel-252-1-0-0\" class=\"so-panel widget widget_themegrill_flash_cta tg-widget call-to-action-section panel-first-child panel-last-child\" data-index=\"1\" ><div class=\"panel-widget-style panel-widget-style-for-252-1-0-0\" ><div class=\"cta-wrapper call-to-action-section-layout-1\">\n\t<div class=\"section-title-wrapper\">\n\t\t\t\t<h3 class=\"section-title\">REPUESTOS Y LUBRICANTES ORIGINALES VOLVO Y LKW TAILE AG<\/h3>\n\t\t\t<\/div>\n\t<\/div>\n<\/div><\/div><\/div><\/div><\/div><div id=\"pg-252-2\"  class=\"panel-grid panel-has-style\" ><div class=\"siteorigin-panels-stretch panel-row-style panel-row-style-for-252-2\" data-stretch-type=\"full\" ><div id=\"pgc-252-2-0\"  class=\"panel-grid-cell\" ><div id=\"panel-252-2-0-0\" class=\"so-panel widget widget_themegrill_flash_heading tg-widget section-title-wrapper panel-first-child panel-last-child\" data-index=\"2\" >\t<h3 class=\"section-title\">VALVPARTS - Misi\u00f3n y Visi\u00f3n<\/h3>\n\t<div class=\"section-description\">&quot;Ser el sost\u00e9n, apoyo, medio e impulso, de todo hombre y empresa, que con su equipo, veh\u00edculo y trabajo, son el motor que mueve al Per\u00fa, hacia el cont\u00ednuo progreso y su promisorio futuro&quot;<\/div>\n<\/div><\/div><\/div><\/div><div id=\"pg-252-3\"  class=\"panel-grid panel-no-style\" ><div id=\"pgc-252-3-0\"  class=\"panel-grid-cell\" ><div id=\"panel-252-3-0-0\" class=\"so-panel widget widget_themegrill_flash_image tg-widget tg-image-widget panel-first-child panel-last-child\" data-index=\"3\" >\t<img decoding=\"async\" src=\"https:\/\/valvparts.com\/wpmocha\/wp-content\/uploads\/2019\/11\/page1-img01.jpg\" \/>\n<\/div><\/div><div id=\"pgc-252-3-1\"  class=\"panel-grid-cell\" ><div id=\"panel-252-3-1-0\" class=\"so-panel widget widget_themegrill_flash_image tg-widget tg-image-widget panel-first-child panel-last-child\" data-index=\"4\" >\t<img decoding=\"async\" src=\"https:\/\/valvparts.com\/wpmocha\/wp-content\/uploads\/2019\/11\/page1-img02.jpg\" \/>\n<\/div><\/div><div id=\"pgc-252-3-2\"  class=\"panel-grid-cell\" ><div id=\"panel-252-3-2-0\" class=\"so-panel widget widget_themegrill_flash_image tg-widget tg-image-widget panel-first-child panel-last-child\" data-index=\"5\" >\t<img decoding=\"async\" src=\"https:\/\/valvparts.com\/wpmocha\/wp-content\/uploads\/2019\/11\/page1-img03.jpg\" \/>\n<\/div><\/div><\/div><div id=\"pg-252-4\"  class=\"panel-grid panel-no-style\" ><div id=\"pgc-252-4-0\"  class=\"panel-grid-cell\" ><div id=\"panel-252-4-0-0\" class=\"widget_text so-panel widget widget_custom_html panel-first-child panel-last-child\" data-index=\"6\" ><h3 class=\"widget-title\">Primero: El Cliente<\/h3><div class=\"textwidget custom-html-widget\"><p align=\"justify\">\nSomos m\u00e1s que una empresa, las prioridades de los clientes siempre son las nuestras: nos adelantamos en buscar la soluci\u00f3n correcta a sus requerimientos, manteniendo nuestros valores, con un estilo especial de trabajo que nos hace la empresa m\u00e1s confiable y eficiente en el mercado de la Comercializaci\u00f3n de Repuestos, Aceites y Lubricantes para Camiones, Buses y Maquinaria Amarilla.\t\n<\/p><\/div><\/div><\/div><div id=\"pgc-252-4-1\"  class=\"panel-grid-cell\" ><div id=\"panel-252-4-1-0\" class=\"widget_text so-panel widget widget_custom_html panel-first-child panel-last-child\" data-index=\"7\" ><h3 class=\"widget-title\">Trabajamos para Usted<\/h3><div class=\"textwidget custom-html-widget\"><p align=\"justify\">\nContamos con el mejor Equipo Humano, pleno de entusiasmo y pasi\u00f3n por servirle personalmente con conocimiento, experiencia, y vocaci\u00f3n de servicio, otorg\u00e1ndole siempre Calidad Total y Excelencia, como Primer y Principal Compromiso.\n<\/p><\/div><\/div><\/div><\/div><div id=\"pg-252-5\"  class=\"panel-grid panel-no-style\" ><div id=\"pgc-252-5-0\"  class=\"panel-grid-cell\" ><div id=\"panel-252-5-0-0\" class=\"widget_text so-panel widget widget_custom_html panel-first-child panel-last-child\" data-index=\"8\" ><h3 class=\"widget-title\">Nuestra Empresa<\/h3><div class=\"textwidget custom-html-widget\"><p align=\"justify\">\n\tSomos su Equipo de Soporte y Soluciones, en la Venta, Atenci\u00f3n, Asesor\u00eda y Asistencia a sus requerimientos de Repuestos, Accesorios y Lubricantes para sus herramientas de trabajo, sean estas Buses, Camiones o Maquinaria Pesada (VCE).\n<\/p><\/div><\/div><\/div><div id=\"pgc-252-5-1\"  class=\"panel-grid-cell\" ><div id=\"panel-252-5-1-0\" class=\"widget_text so-panel widget widget_custom_html panel-first-child panel-last-child\" data-index=\"9\" ><h3 class=\"widget-title\">Que Hacemos<\/h3><div class=\"textwidget custom-html-widget\"><p align=\"justify\">\n\tImportamos, Comercializamos y Distribuimos todo lo requerido para la eficiente y continua operaci\u00f3n de su Cami\u00f3n, Bus o Maquinaria Pesada de la marca VOLVO, a trav\u00e9s de Componentes Originales y\/o de los Fabricantes Originales de los mismos (OEM).\n<\/p><\/div><\/div><\/div><div id=\"pgc-252-5-2\"  class=\"panel-grid-cell\" ><div id=\"panel-252-5-2-0\" class=\"widget_text so-panel widget widget_custom_html panel-first-child panel-last-child\" data-index=\"10\" ><h3 class=\"widget-title\">Somos su Mejor Opci\u00f3n<\/h3><div class=\"textwidget custom-html-widget\">\t<p align=\"justify\">\n\t\tPorque con nuestros Productos y Servicios, Usted obtiene los medios que rentabilizan al m\u00e1ximo sus operaciones de Transporte y Trabajo de Equipo Pesado (VCE), herramienta que permanece siempre productiva gracias a su confianza en nuestras estructuras.\n<\/p><\/div><\/div><\/div><\/div><\/div>","protected":false},"excerpt":{"rendered":"<p>REPUESTOS Y LUBRICANTES ORIGINALES VOLVO Y LKW TAILE AG VALVPARTS &#8211; Misi\u00f3n y Visi\u00f3n &quot;Ser el sost\u00e9n, apoyo, medio e [&hellip;]<\/p>\n","protected":false},"author":1,"featured_media":0,"parent":0,"menu_order":0,"comment_status":"closed","ping_status":"closed","template":"page-templates\/pagebuilder.php","meta":{"footnotes":""},"class_list":["post-252","page","type-page","status-publish","hentry"],"_links":{"self":[{"href":"https:\/\/valvparts.com\/wpmocha\/wp-json\/wp\/v2\/pages\/252"}],"collection":[{"href":"https:\/\/valvparts.com\/wpmocha\/wp-json\/wp\/v2\/pages"}],"about":[{"href":"https:\/\/valvparts.com\/wpmocha\/wp-json\/wp\/v2\/types\/page"}],"author":[{"embeddable":true,"href":"https:\/\/valvparts.com\/wpmocha\/wp-json\/wp\/v2\/users\/1"}],"replies":[{"embeddable":true,"href":"https:\/\/valvparts.com\/wpmocha\/wp-json\/wp\/v2\/comments?post=252"}],"version-history":[{"count":79,"href":"https:\/\/valvparts.com\/wpmocha\/wp-json\/wp\/v2\/pages\/252\/revisions"}],"predecessor-version":[{"id":640,"href":"https:\/\/valvparts.com\/wpmocha\/wp-json\/wp\/v2\/pages\/252\/revisions\/640"}],"wp:attachment":[{"href":"https:\/\/valvparts.com\/wpmocha\/wp-json\/wp\/v2\/media?parent=252"}],"curies":[{"name":"wp","href":"https:\/\/api.w.org\/{rel}","templated":true}]}}