{"id":137,"date":"2016-10-05T12:04:29","date_gmt":"2016-10-05T12:04:29","guid":{"rendered":"http:\/\/demo.themegrill.com\/flash-construction\/?page_id=137"},"modified":"2019-11-21T17:41:57","modified_gmt":"2019-11-21T22:41:57","slug":"nosotros","status":"publish","type":"page","link":"https:\/\/valvparts.com\/wpmocha\/nosotros\/","title":{"rendered":"Nosotros"},"content":{"rendered":"<div id=\"pl-137\"  class=\"panel-layout\" ><div id=\"pg-137-0\"  class=\"panel-grid panel-has-style\" ><div class=\"panel-row-style panel-row-style-for-137-0\" ><div id=\"pgc-137-0-0\"  class=\"panel-grid-cell\" ><div id=\"panel-137-0-0-0\" class=\"so-panel widget widget_themegrill_flash_team tg-widget tg-single-team panel-first-child panel-last-child\" data-index=\"0\" ><div class=\"tg-team-widget tg-team-layout-1\">\n\t<div class=\"team-wrapper\">\n\t\t\t\t<div class=\"team-img\">\n\t\t\t\t\t\t<img decoding=\"async\" src=\"https:\/\/valvparts.com\/wpmocha\/wp-content\/uploads\/2019\/11\/page1-img1.jpg\" alt=\"Quienes somos\"\/>\n\t\t<\/div>\n\t\t\t\t<div class=\"team-content-wrapper\">\n\t\t\t<div class=\"team-desc-wrapper\">\n\t\t\t\t<h3 class=\"team-title\">Quienes somos<\/h3>\n\t\t\t\t<div class=\"team-designation\"><\/div>\n\t\t\t\t<div class=\"team-content\">Somos su equipo de Soporte y Soluciones, en la Atenci\u00f3n, Asesor\u00eda y Asistencia a sus requerimientos de suministros de Repuestos, Accesorios y Lubricantes, para sus herramientas de trabajo.\n\nPara ello importamos, comercializamos y distribuimos todo lo requerido para la eficiente y continua operaci\u00f3n de su Cami\u00f3n, Bus o Maquinaria Pesada de la marca VOLVO, a trav\u00e9s de componentes originales y\/o de los fabricantes originales de los mismos (OEM), adem\u00e1s de alternativos de m\u00e1xima calidad y total garant\u00eda.<\/div>\n\t\t\t\t\t\t\t<\/div>\n\t\t<\/div>\n\t<\/div>\n<\/div>\n<\/div><\/div><div id=\"pgc-137-0-1\"  class=\"panel-grid-cell\" ><div id=\"panel-137-0-1-0\" class=\"so-panel widget widget_themegrill_flash_team tg-widget tg-single-team panel-first-child panel-last-child\" data-index=\"1\" ><div class=\"tg-team-widget tg-team-layout-1\">\n\t<div class=\"team-wrapper\">\n\t\t\t\t<div class=\"team-content-wrapper\">\n\t\t\t<div class=\"team-desc-wrapper\">\n\t\t\t\t<h3 class=\"team-title\">&quot;Nuestros Valores Respaldan Nuestro Accionar&quot;<\/h3>\n\t\t\t\t<div class=\"team-designation\"><\/div>\n\t\t\t\t<div class=\"team-content\"><p>* Puntualidad.<\/p>\n<p>* Honestidad.<\/p>\n<p>* Actitud Proactiva.<\/p>\n<p>* Trato justo, respetuoso y deferente.<\/p>\n<p>* Vocaci\u00f3n de Servicio.<\/p>\n<p>* Trabajo en Equipo.<\/p>\n\n<h2>\"Profesionales a su Servicio\"<\/h2>\n\nPara exceder sus expectativas contamos con el mejor equipo humano, dispuestos a atenderlo personalmente con conocimiento, experiencia, y vocaci\u00f3n de servicio, otorg\u00e1ndole siempre Calidad Total y Excelencia, como Primer y Principal Compromiso.<\/div>\n\t\t\t\t\t\t\t<\/div>\n\t\t<\/div>\n\t<\/div>\n<\/div>\n<\/div><\/div><div id=\"pgc-137-0-2\"  class=\"panel-grid-cell\" ><div id=\"panel-137-0-2-0\" class=\"so-panel widget widget_themegrill_flash_team tg-widget tg-single-team panel-first-child panel-last-child\" data-index=\"2\" ><div class=\"tg-team-widget tg-team-layout-1\">\n\t<div class=\"team-wrapper\">\n\t\t\t\t<div class=\"team-content-wrapper\">\n\t\t\t<div class=\"team-desc-wrapper\">\n\t\t\t\t<h3 class=\"team-title\">\u00bfPor Qu\u00e9 Somos su Mejor Opci\u00f3n?<\/h3>\n\t\t\t\t<div class=\"team-designation\"><\/div>\n\t\t\t\t<div class=\"team-content\"><p>* Todos nuestros Repuestos cuentan con Garant\u00eda de un A\u00f1o.<\/p>\n<p>* Stock de Repuestos Variado y Permanente.<\/p>\n<p>* Precios Especiales (Los mejores del mercado).<\/p>\n<p>* Atenci\u00f3n Personalizada.<\/p>\n<p>* Modernas Unidades para el Servicio de Delivery, Despacho \u00c1gil y a Tiempo.<\/p>\n<p>* Equipo Humano con vasta experiencia en Venta de Unidades, as\u00ed como Repuestos de Camiones, Buses y Maquinaria Pesada.<\/p>\n<p>* Organizaci\u00f3n moderna y flexible a los requerimientos de los Clientes y el Mercado.<\/p>\n<p>* Capacitaci\u00f3n continua del Personal en funci\u00f3n al cargo que desempe\u00f1a en la empresa.<\/p><\/div>\n\t\t\t\t\t\t\t<\/div>\n\t\t<\/div>\n\t<\/div>\n<\/div>\n<\/div><\/div><\/div><\/div><div id=\"pg-137-1\"  class=\"panel-grid panel-no-style\" ><div id=\"pgc-137-1-0\"  class=\"panel-grid-cell\" ><div id=\"panel-137-1-0-0\" class=\"so-panel widget widget_themegrill_flash_heading tg-widget section-title-wrapper panel-first-child panel-last-child\" data-index=\"3\" >\t<h3 class=\"section-title\">Nuestro Personal<\/h3>\n\t<div class=\"section-description\">Equipo de Profesionales a su Servicio<\/div>\n<\/div><\/div><\/div><div id=\"pg-137-2\"  class=\"panel-grid panel-has-style\" ><div class=\"panel-row-style panel-row-style-for-137-2\" ><div id=\"pgc-137-2-0\"  class=\"panel-grid-cell\" ><div id=\"panel-137-2-0-0\" class=\"so-panel widget widget_themegrill_flash_team tg-widget tg-single-team panel-first-child panel-last-child\" data-index=\"4\" ><div class=\"tg-team-widget tg-team-layout-1\">\n\t<div class=\"team-wrapper\">\n\t\t\t\t<div class=\"team-img\">\n\t\t\t\t\t\t<img decoding=\"async\" src=\"https:\/\/valvparts.com\/wpmocha\/wp-content\/uploads\/2019\/11\/page2-img3.jpg\" alt=\"Capacitaci\u00f3n Cont\u00ednua\"\/>\n\t\t<\/div>\n\t\t\t\t<div class=\"team-content-wrapper\">\n\t\t\t<div class=\"team-desc-wrapper\">\n\t\t\t\t<h3 class=\"team-title\">Capacitaci\u00f3n Cont\u00ednua<\/h3>\n\t\t\t\t<div class=\"team-designation\"><\/div>\n\t\t\t\t<div class=\"team-content\">La Capacitaci\u00f3n Continua del Personal de VALVPARTS, en funci\u00f3n al cargo que desempe\u00f1a en la empresa, garantiza una atenci\u00f3n de Calidad, con Conocimiento y Experiencia.<\/div>\n\t\t\t\t\t\t\t<\/div>\n\t\t<\/div>\n\t<\/div>\n<\/div>\n<\/div><\/div><div id=\"pgc-137-2-1\"  class=\"panel-grid-cell\" ><div id=\"panel-137-2-1-0\" class=\"so-panel widget widget_themegrill_flash_team tg-widget tg-single-team panel-first-child panel-last-child\" data-index=\"5\" ><div class=\"tg-team-widget tg-team-layout-1\">\n\t<div class=\"team-wrapper\">\n\t\t\t\t<div class=\"team-img\">\n\t\t\t\t\t\t<img decoding=\"async\" src=\"https:\/\/valvparts.com\/wpmocha\/wp-content\/uploads\/2019\/11\/page2-img2.jpg\" alt=\"Personal Altamente Calificado\"\/>\n\t\t<\/div>\n\t\t\t\t<div class=\"team-content-wrapper\">\n\t\t\t<div class=\"team-desc-wrapper\">\n\t\t\t\t<h3 class=\"team-title\">Personal Altamente Calificado<\/h3>\n\t\t\t\t<div class=\"team-designation\"><\/div>\n\t\t\t\t<div class=\"team-content\">La alta calificaci\u00f3n de nuestro personal permite brindar Atenci\u00f3n, Asesor\u00eda y Asistencia sobre sus requerimientos de suministros de Repuestos, Accesorios y Lubricantes para Camiones, Buses y Maquinaria Pesada.<\/div>\n\t\t\t\t\t\t\t<\/div>\n\t\t<\/div>\n\t<\/div>\n<\/div>\n<\/div><\/div><div id=\"pgc-137-2-2\"  class=\"panel-grid-cell\" ><div id=\"panel-137-2-2-0\" class=\"so-panel widget widget_themegrill_flash_team tg-widget tg-single-team panel-first-child panel-last-child\" data-index=\"6\" ><div class=\"tg-team-widget tg-team-layout-1\">\n\t<div class=\"team-wrapper\">\n\t\t\t\t<div class=\"team-img\">\n\t\t\t\t\t\t<img decoding=\"async\" src=\"https:\/\/valvparts.com\/wpmocha\/wp-content\/uploads\/2019\/11\/page2-img5.jpg\" alt=\"Calidad, Experiencia y Compromiso\"\/>\n\t\t<\/div>\n\t\t\t\t<div class=\"team-content-wrapper\">\n\t\t\t<div class=\"team-desc-wrapper\">\n\t\t\t\t<h3 class=\"team-title\">Calidad, Experiencia y Compromiso<\/h3>\n\t\t\t\t<div class=\"team-designation\"><\/div>\n\t\t\t\t<div class=\"team-content\">Contamos con el mejor Equipo Humano, pleno de entusiasmo y pasi\u00f3n por servirle personalmente con vocaci\u00f3n de servicio, otorg\u00e1ndole siempre Calidad Total y Excelencia, como Primer y Principal Compromiso.<\/div>\n\t\t\t\t\t\t\t<\/div>\n\t\t<\/div>\n\t<\/div>\n<\/div>\n<\/div><\/div><\/div><\/div><\/div>","protected":false},"excerpt":{"rendered":"<p>Quienes somos Somos su equipo de Soporte y Soluciones, en la Atenci\u00f3n, Asesor\u00eda y Asistencia a sus requerimientos de suministros [&hellip;]<\/p>\n","protected":false},"author":1,"featured_media":0,"parent":0,"menu_order":0,"comment_status":"closed","ping_status":"closed","template":"page-templates\/pagebuilder.php","meta":{"footnotes":""},"class_list":["post-137","page","type-page","status-publish","hentry"],"_links":{"self":[{"href":"https:\/\/valvparts.com\/wpmocha\/wp-json\/wp\/v2\/pages\/137"}],"collection":[{"href":"https:\/\/valvparts.com\/wpmocha\/wp-json\/wp\/v2\/pages"}],"about":[{"href":"https:\/\/valvparts.com\/wpmocha\/wp-json\/wp\/v2\/types\/page"}],"author":[{"embeddable":true,"href":"https:\/\/valvparts.com\/wpmocha\/wp-json\/wp\/v2\/users\/1"}],"replies":[{"embeddable":true,"href":"https:\/\/valvparts.com\/wpmocha\/wp-json\/wp\/v2\/comments?post=137"}],"version-history":[{"count":40,"href":"https:\/\/valvparts.com\/wpmocha\/wp-json\/wp\/v2\/pages\/137\/revisions"}],"predecessor-version":[{"id":644,"href":"https:\/\/valvparts.com\/wpmocha\/wp-json\/wp\/v2\/pages\/137\/revisions\/644"}],"wp:attachment":[{"href":"https:\/\/valvparts.com\/wpmocha\/wp-json\/wp\/v2\/media?parent=137"}],"curies":[{"name":"wp","href":"https:\/\/api.w.org\/{rel}","templated":true}]}}